{"id":1807,"date":"2021-06-23T21:28:00","date_gmt":"2021-06-23T19:28:00","guid":{"rendered":"https:\/\/probalanceconcept.com\/lp\/?page_id=1807"},"modified":"2024-11-12T20:59:40","modified_gmt":"2024-11-12T19:59:40","slug":"buch","status":"publish","type":"page","link":"https:\/\/probalanceconcept.com\/lp\/buch\/","title":{"rendered":"Buch \u2013 So aktivierst du deinen inneren Heiler"},"content":{"rendered":"<p><span style=\"width: 100%;\"><img loading=\"lazy\" decoding=\"async\" alt=\"\" width=\"450\" height=\"45\" title=\"PBC-Schriftzug\" data-id=\"2179\" src=\"https:\/\/probalanceconcept.com\/lp\/wp-content\/uploads\/sites\/3\/2021\/09\/PBC-Schriftzug-e1699994626454.png\" style=\"aspect-ratio: auto 300 \/ 30;\" data-width=\"450\" data-height=\"45\" data-init-width=\"300\" data-init-height=\"30\" loading=\"lazy\"><\/span><\/p>\n<h1 style=\"text-align: center;\"><strong>So aktivierst du deinen inneren Heiler<\/strong><\/h1>\n<p><span style=\"width: 100%;\"><img loading=\"lazy\" decoding=\"async\" alt=\"\" width=\"293\" height=\"293\" title=\"Buch-teil-1_cover\" data-id=\"3381\" src=\"https:\/\/probalanceconcept.com\/lp\/wp-content\/uploads\/sites\/3\/2024\/11\/Buch-teil-1_cover.jpg\" style=\"aspect-ratio: auto 2476 \/ 2476;\" data-width=\"293\" data-height=\"293\" data-init-width=\"2476\" data-init-height=\"2476\" loading=\"lazy\"><\/span><span><img decoding=\"async\" alt=\"\" width=\"135\" height=\"129\" title=\"big_picture-arrow\" data-id=\"48\" src=\"https:\/\/probalanceconcept.com\/lp\/wp-content\/uploads\/sites\/3\/2021\/06\/big_picture-arrow.png\" data-width=\"135\" data-height=\"129\" data-init-width=\"135\" data-init-height=\"129\" style=\"aspect-ratio: auto 135 \/ 129;\"><\/span><\/p>\n<h3 style=\"text-align: center;\">Hier findest du alle erg\u00e4nzenden Informationen, Videos, Hilfsmittel und Checklisten f\u00fcr die Umsetzung.<\/h3>\n<p><span style=\"width: 100%;\"><img fetchpriority=\"high\" decoding=\"async\" alt=\"\" width=\"500\" height=\"596\" title=\"probalanceconcept-kurs-probalance_kurs-7_magische_schritte-v01_2\" data-id=\"230\" src=\"https:\/\/probalanceconcept.com\/lp\/wp-content\/uploads\/sites\/3\/2021\/06\/probalanceconcept-kurs-probalance_kurs-7_magische_schritte-v01_2.jpg\" style=\"\"><\/span><\/p>\n<h3 style=\"text-align: center;\">Entgiftung und Optimierung<\/h3>\n<h3 style=\"text-align: center;\">des Stoffwechsels<\/h3>\n<h3 style=\"text-align: center;\">mit dem PRO<strong>BALANCE<\/strong> Kurs<\/h3>\n<p style=\"text-align: center;\">W\u00e4hle aus 3 M\u00f6glichkeiten den f\u00fcr Dich passenden Kurs<\/p>\n<table style=\"\" data-rows=\"9\" data-cols=\"2\">\n<thead>\n<tr>\n<th style=\"\">\n<p style=\"text-align: left;\">Dokumente<\/p>\n<\/th>\n<th style=\"\">\n<p style=\"\">Beschreibung<\/p>\n<\/th>\n<\/tr>\n<\/thead>\n<tbody>\n<tr>\n<td data-th=\"Dokumente\" style=\"\">\n<p style=\"\"><a href=\"https:\/\/drive.google.com\/file\/d\/1OFuQuDVFKEpfwHe1Yaw-gsl9BH2-zNf4\/view?usp=sharing\" target=\"_blank\" style=\"outline: none;\" rel=\"noopener\">S\u00e4ure-Basen-Tagesprofil<\/a><\/p>\n<\/td>\n<td data-th=\"Beschreibung\" style=\"\">\n<p style=\"\">Druckvorlage<\/p>\n<\/td>\n<\/tr>\n<tr>\n<td data-th=\"Dokumente\" style=\"\">\n<p style=\"\"><a href=\"https:\/\/docs.google.com\/spreadsheets\/d\/1HpXE1XByFG_5-rS6F07bubcLR7z5sm76\/edit?usp=drive_link&amp;ouid=111046936305478120018&amp;rtpof=true&amp;sd=true\" target=\"_blank\" style=\"outline: none;\" rel=\"noopener\">Arbeitsblatt-pH-Messwerte<\/a><\/p>\n<\/td>\n<td data-th=\"Beschreibung\" style=\"\">\n<p style=\"\">Die pH-Werte werden automatisch mit den passenden Farben unterlegt.<\/p>\n<\/td>\n<\/tr>\n<tr>\n<td data-th=\"Dokumente\" style=\"\">\n<table border=\"0\" cellpadding=\"0\" cellspacing=\"0\">\n<tbody>\n<tr>\n<td valign=\"bottom\" width=\"572\">\n<p style=\"\"><a href=\"https:\/\/drive.google.com\/file\/d\/1Df9fEHGPF5H0MnFsYbbKsUDdDdoX_7zX\/view?usp=sharing\" target=\"_blank\" style=\"outline: none;\" rel=\"noopener\"><span style=\"text-decoration: none;\">Tabelle Lebensmittel Base-S\u00e4ure Bildner<\/span><\/a><\/p>\n<\/td>\n<\/tr>\n<\/tbody>\n<\/table>\n<\/td>\n<td data-th=\"Beschreibung\" style=\"\">\n<p style=\"\">Tabelle-welche Lebensmittel zu den basischen und welche zu den s\u00e4urebildenden geh\u00f6ren<\/p>\n<\/td>\n<\/tr>\n<tr>\n<td data-th=\"Dokumente\" style=\"\">\n<p style=\"\"><a href=\"https:\/\/drive.google.com\/file\/d\/111_nt9WT8K4YzUq4M-4oFIDrfbQRlltr\/view?usp=sharing\" target=\"_blank\" style=\"outline: none;\" rel=\"noopener\"><\/a><a href=\"https:\/\/drive.google.com\/file\/d\/111_nt9WT8K4YzUq4M-4oFIDrfbQRlltr\/view?usp=sharing\" target=\"_blank\" style=\"outline: none;\" rel=\"noopener\">Basische Gem\u00fcsebr\u00fche -nach der Leisenkur<\/a><\/p>\n<\/td>\n<td data-th=\"Beschreibung\" style=\"\">\n<p style=\"\">Mit dieser Gem\u00fcsebr\u00fche kannst du gezielt den Basen\u00fcberschuss in deiner Ern\u00e4hrung erh\u00f6hen.<\/p>\n<\/td>\n<\/tr>\n<tr>\n<td data-th=\"Dokumente\" style=\"\" rowspan=\"1\" colspan=\"1\">\n<p style=\"\"><a href=\"https:\/\/drive.google.com\/file\/d\/1Jx3dn7He-BWAQLTJyYg_zcU5LY2mAM2v\/view?usp=sharing\" target=\"_blank\" style=\"outline: none;\" rel=\"noopener\">Gr\u00fcne Smoothies \u2013 &nbsp; Die perfekte Mahlzeit<\/a><\/p>\n<\/td>\n<td data-th=\"Beschreibung\" style=\"\" rowspan=\"1\" colspan=\"1\">\n<p align=\"left\" style=\"text-align: center;\"><b><span style=\"font-weight: normal;\">Smoothies \u2013 Rezepte f\u00fcr perfekte Basenpower<\/span>&nbsp;<\/b><\/p>\n<\/td>\n<\/tr>\n<tr>\n<td data-th=\"Dokumente\" style=\"\" rowspan=\"1\" colspan=\"1\">\n<p style=\"\"><a href=\"https:\/\/drive.google.com\/file\/d\/10UY6FPLTWZh0mDH63QBdJB-Ri6QhcOHq\/view?usp=sharing\" target=\"_blank\" style=\"outline: none;\" rel=\"noopener\">Webinaraufzeichnung: \u201eAusleiten mit basischen Anwendungen\u201c<\/a><\/p>\n<\/td>\n<td data-th=\"Beschreibung\" style=\"\" rowspan=\"1\" colspan=\"1\">\n<p align=\"left\" style=\"text-align: center;\"><b><span style=\"font-weight: normal;\">Webinar Mitschnitt<\/span><\/b><\/p>\n<\/td>\n<\/tr>\n<tr>\n<td data-th=\"Dokumente\" style=\"\" rowspan=\"1\" colspan=\"1\">\n<p style=\"\"><a href=\"https:\/\/drive.google.com\/file\/d\/1WMwNR3Sy2tl8n9VSJIw5fPNUtqjxmt6K\/view?usp=sharing\" target=\"_blank\" style=\"outline: none;\" rel=\"noopener\">Fodmap-Di\u00e4t-geeignete-ungeeignete-Lebensmittel<\/a><\/p>\n<\/td>\n<td data-th=\"Beschreibung\" style=\"\" rowspan=\"1\" colspan=\"1\">\n<p>Die FODMAP-Di\u00e4t gilt derzeit als effektivste Therapie bei Reizdarmsyndrom.<\/p>\n<\/td>\n<\/tr>\n<tr>\n<td data-th=\"Dokumente\" style=\"\" rowspan=\"1\" colspan=\"1\">\n<p style=\"\"><a href=\"https:\/\/drive.google.com\/file\/d\/1ZS6kGed1lFTtbg_T9UQ_4sjIBFL---NI\/view?usp=sharing\" target=\"_blank\" style=\"outline: none;\" rel=\"noopener\">Tabellentool- Lebensmittelunvertraeglichkeiten<\/a><\/p>\n<\/td>\n<td data-th=\"Beschreibung\" style=\"\" rowspan=\"1\" colspan=\"1\">\n<p>Damit k\u00f6nnen individuelle Unvertr\u00e4glichkeiten f\u00fcr knapp 700 Lebensmittel einfach und unkompliziert erfasst werden.<\/p>\n<\/td>\n<\/tr>\n<\/tbody>\n<\/table>\n<p><span style=\"width: 100%;\"><img decoding=\"async\" alt=\"\" width=\"1344\" height=\"1740\" title=\"probalanceconcept-ueber_uns-doris-peter-kocso-v01_2\" data-id=\"210\" src=\"https:\/\/probalanceconcept.com\/lp\/wp-content\/uploads\/sites\/3\/2021\/06\/probalanceconcept-ueber_uns-doris-peter-kocso-v01_2.png\" style=\"\"><\/span><\/p>\n<h3 style=\"color: var(--tcb-color-15) !important; --tcb-applied-color: var$(--tcb-color-15) !important;\"><em>&#8220;\u00dcber 20 Jahre Erfahrung&#8221;<\/em><\/h3>\n<p>Wir alle brauchen an bestimmten Stellen in unserem Leben Menschen, die uns an die Hand nehmen und neue Wege aufzeigen. All das, was uns geholfen hat und auch Dir hilft Dein volles Gesundheits-Potenzial zu entfalten, geben wir seit 2003 in unseren Kursen weiter.<\/p>\n<\/p>\n<p>Unsere Anliegen ist es, Menschen zu helfen, die sich entschieden haben, nicht mehr nur Symptome zu kurieren, sondern das \u00dcbel an der Wurzel zu packen! Der Kurs f\u00fchrt und begleitet durch einen systematischen, ganzheitlichen Entgiftungsprozess. Das schafft die Basis, um innerhalb weniger Wochen sp\u00fcrbar, sichtbar und messbar ges\u00fcnder zu sein.<\/p>\n<\/p>\n<p>Wir w\u00fcnschen uns, dass Du erlebst, wie der K\u00f6rper sich selbst heilt und regeneriert. Es ist uns eine Herzensangelegenheit, dass auch Dein Stoffwechsel und Dein Leben sich zum Besseren wenden.<\/p>\n<p style=\"\"><em>&#8211; Doris &amp; Peter Kocso<\/em><\/p>\n<p style=\"text-align: center;\"><a href=\"https:\/\/probalanceconcept.onlinemarketing-beratung.com\/impressum\/\" target=\"_blank\" rel=\"noopener\"><span style=\"font-size: 18px;\">Impressum<\/span><span style=\"font-size: 18px;\">&nbsp;<\/span><\/a><span style=\"font-size: 18px;\"> |&nbsp;<\/span><a href=\"https:\/\/probalanceconcept.onlinemarketing-beratung.com\/Datenschutz\/\" target=\"_blank\" rel=\"noopener\"><span style=\"font-size: 18px;\">Datenschutz<\/span><\/a><\/p>\n<div class=\"shariff shariff-align-center shariff-widget-align-flex-start\"><ul class=\"shariff-buttons theme-round orientation-horizontal buttonsize-medium\"><li class=\"shariff-button twitter shariff-nocustomcolor\" style=\"background-color:#1e3050\"><a href=\"https:\/\/twitter.com\/share?url=https%3A%2F%2Fprobalanceconcept.com%2Flp%2Fbuch%2F&text=Buch%20%E2%80%93%20So%20aktivierst%20du%20deinen%20inneren%20Heiler\" title=\"Bei X (Twitter) teilen\" aria-label=\"Bei X (Twitter) teilen\" role=\"button\" rel=\"noreferrernoopener nofollow\" class=\"shariff-link\" style=\"; background-color:#000000; color:#fff\" target=\"_blank\"><span class=\"shariff-icon\" style=\"\"><svg xmlns=\"http:\/\/www.w3.org\/2000\/svg\" height=\"1em\" viewBox=\"0 0 512 512\"><!--! Font Awesome Free 6.4.2 by @fontawesome - https:\/\/fontawesome.com License - https:\/\/fontawesome.com\/license (Commercial License) Copyright 2023 Fonticons, Inc. --><style>svg{fill:#ffffff}<\/style><path d=\"M389.2 48h70.6L305.6 224.2 487 464H345L233.7 318.6 106.5 464H35.8L200.7 275.5 26.8 48H172.4L272.9 180.9 389.2 48zM364.4 421.8h39.1L151.1 88h-42L364.4 421.8z\"\/><\/svg><\/span><\/a><\/li><li class=\"shariff-button facebook shariff-nocustomcolor\" style=\"background-color:#4273c8\"><a href=\"https:\/\/www.facebook.com\/sharer\/sharer.php?u=https%3A%2F%2Fprobalanceconcept.com%2Flp%2Fbuch%2F\" title=\"Bei Facebook teilen\" aria-label=\"Bei Facebook teilen\" role=\"button\" rel=\"noreferrernoopener nofollow\" class=\"shariff-link\" style=\"; background-color:#3b5998; color:#fff\" target=\"_blank\"><span class=\"shariff-icon\" style=\"\"><svg width=\"32px\" height=\"20px\" xmlns=\"http:\/\/www.w3.org\/2000\/svg\" viewBox=\"0 0 18 32\"><path fill=\"#3b5998\" d=\"M17.1 0.2v4.7h-2.8q-1.5 0-2.1 0.6t-0.5 1.9v3.4h5.2l-0.7 5.3h-4.5v13.6h-5.5v-13.6h-4.5v-5.3h4.5v-3.9q0-3.3 1.9-5.2t5-1.8q2.6 0 4.1 0.2z\"\/><\/svg><\/span><\/a><\/li><li class=\"shariff-button whatsapp shariff-nocustomcolor\" style=\"background-color:#5cbe4a\"><a href=\"https:\/\/api.whatsapp.com\/send?text=https%3A%2F%2Fprobalanceconcept.com%2Flp%2Fbuch%2F%20Buch%20%E2%80%93%20So%20aktivierst%20du%20deinen%20inneren%20Heiler\" title=\"Bei Whatsapp teilen\" aria-label=\"Bei Whatsapp teilen\" role=\"button\" rel=\"noreferrernoopener nofollow\" class=\"shariff-link\" style=\"; background-color:#34af23; color:#fff\" target=\"_blank\"><span class=\"shariff-icon\" style=\"\"><svg width=\"32px\" height=\"20px\" xmlns=\"http:\/\/www.w3.org\/2000\/svg\" viewBox=\"0 0 32 32\"><path fill=\"#34af23\" d=\"M17.6 17.4q0.2 0 1.7 0.8t1.6 0.9q0 0.1 0 0.3 0 0.6-0.3 1.4-0.3 0.7-1.3 1.2t-1.8 0.5q-1 0-3.4-1.1-1.7-0.8-3-2.1t-2.6-3.3q-1.3-1.9-1.3-3.5v-0.1q0.1-1.6 1.3-2.8 0.4-0.4 0.9-0.4 0.1 0 0.3 0t0.3 0q0.3 0 0.5 0.1t0.3 0.5q0.1 0.4 0.6 1.6t0.4 1.3q0 0.4-0.6 1t-0.6 0.8q0 0.1 0.1 0.3 0.6 1.3 1.8 2.4 1 0.9 2.7 1.8 0.2 0.1 0.4 0.1 0.3 0 1-0.9t0.9-0.9zM14 26.9q2.3 0 4.3-0.9t3.6-2.4 2.4-3.6 0.9-4.3-0.9-4.3-2.4-3.6-3.6-2.4-4.3-0.9-4.3 0.9-3.6 2.4-2.4 3.6-0.9 4.3q0 3.6 2.1 6.6l-1.4 4.2 4.3-1.4q2.8 1.9 6.2 1.9zM14 2.2q2.7 0 5.2 1.1t4.3 2.9 2.9 4.3 1.1 5.2-1.1 5.2-2.9 4.3-4.3 2.9-5.2 1.1q-3.5 0-6.5-1.7l-7.4 2.4 2.4-7.2q-1.9-3.2-1.9-6.9 0-2.7 1.1-5.2t2.9-4.3 4.3-2.9 5.2-1.1z\"\/><\/svg><\/span><\/a><\/li><li class=\"shariff-button xing shariff-nocustomcolor\" style=\"background-color:#29888a\"><a href=\"https:\/\/www.xing.com\/spi\/shares\/new?url=https%3A%2F%2Fprobalanceconcept.com%2Flp%2Fbuch%2F\" title=\"Bei XING teilen\" aria-label=\"Bei XING teilen\" role=\"button\" rel=\"noreferrernoopener nofollow\" class=\"shariff-link\" style=\"; background-color:#126567; color:#fff\" target=\"_blank\"><span class=\"shariff-icon\" style=\"\"><svg width=\"32px\" height=\"20px\" xmlns=\"http:\/\/www.w3.org\/2000\/svg\" viewBox=\"0 0 25 32\"><path fill=\"#126567\" d=\"M10.7 11.9q-0.2 0.3-4.6 8.2-0.5 0.8-1.2 0.8h-4.3q-0.4 0-0.5-0.3t0-0.6l4.5-8q0 0 0 0l-2.9-5q-0.2-0.4 0-0.7 0.2-0.3 0.5-0.3h4.3q0.7 0 1.2 0.8zM25.1 0.4q0.2 0.3 0 0.7l-9.4 16.7 6 11q0.2 0.4 0 0.6-0.2 0.3-0.6 0.3h-4.3q-0.7 0-1.2-0.8l-6-11.1q0.3-0.6 9.5-16.8 0.4-0.8 1.2-0.8h4.3q0.4 0 0.5 0.3z\"\/><\/svg><\/span><\/a><\/li><li class=\"shariff-button linkedin shariff-nocustomcolor\" style=\"background-color:#1488bf\"><a href=\"https:\/\/www.linkedin.com\/sharing\/share-offsite\/?url=https%3A%2F%2Fprobalanceconcept.com%2Flp%2Fbuch%2F\" title=\"Bei LinkedIn teilen\" aria-label=\"Bei LinkedIn teilen\" role=\"button\" rel=\"noreferrernoopener nofollow\" class=\"shariff-link\" style=\"; background-color:#0077b5; color:#fff\" target=\"_blank\"><span class=\"shariff-icon\" style=\"\"><svg width=\"32px\" height=\"20px\" xmlns=\"http:\/\/www.w3.org\/2000\/svg\" viewBox=\"0 0 27 32\"><path fill=\"#0077b5\" d=\"M6.2 11.2v17.7h-5.9v-17.7h5.9zM6.6 5.7q0 1.3-0.9 2.2t-2.4 0.9h0q-1.5 0-2.4-0.9t-0.9-2.2 0.9-2.2 2.4-0.9 2.4 0.9 0.9 2.2zM27.4 18.7v10.1h-5.9v-9.5q0-1.9-0.7-2.9t-2.3-1.1q-1.1 0-1.9 0.6t-1.2 1.5q-0.2 0.5-0.2 1.4v9.9h-5.9q0-7.1 0-11.6t0-5.3l0-0.9h5.9v2.6h0q0.4-0.6 0.7-1t1-0.9 1.6-0.8 2-0.3q3 0 4.9 2t1.9 6z\"\/><\/svg><\/span><\/a><\/li><\/ul><\/div><p>Views: 15<\/p>","protected":false},"excerpt":{"rendered":"<p>So aktivierst du deinen inneren Heiler Hier findest du alle erg\u00e4nzenden Informationen, Videos, Hilfsmittel und Checklisten f\u00fcr die Umsetzung. Entgiftung und Optimierung des Stoffwechsels mit dem PROBALANCE Kurs W\u00e4hle aus 3 M\u00f6glichkeiten den f\u00fcr Dich passenden Kurs Dokumente Beschreibung S\u00e4ure-Basen-Tagesprofil Druckvorlage Arbeitsblatt-pH-Messwerte Die pH-Werte werden automatisch mit den passenden Farben unterlegt. Tabelle Lebensmittel Base-S\u00e4ure Bildner [&hellip;]<\/p>\n","protected":false},"author":8,"featured_media":0,"parent":0,"menu_order":0,"comment_status":"closed","ping_status":"closed","template":"","meta":{"inline_featured_image":false,"_monsterinsights_skip_tracking":false,"_monsterinsights_sitenote_active":false,"_monsterinsights_sitenote_note":"","_monsterinsights_sitenote_category":0,"footnotes":"","tve_updated_post":"","tve_custom_css":"","tve_user_custom_css":"","tve_globals":{},"tcb2_ready":1,"tcb_editor_enabled":1,"tve_landing_page":"tcb2-big-picture-sales-page","_tve_header":"0","_tve_footer":"0"},"yoast_head":"<!-- This site is optimized with the Yoast SEO plugin v20.13 - https:\/\/yoast.com\/wordpress\/plugins\/seo\/ -->\n<title>Buch \u2013 So aktivierst du deinen inneren Heiler -<\/title>\n<meta name=\"robots\" content=\"index, follow, max-snippet:-1, max-image-preview:large, max-video-preview:-1\" \/>\n<link rel=\"canonical\" href=\"https:\/\/probalanceconcept.com\/lp\/buch\/\" \/>\n<meta property=\"og:locale\" content=\"de_DE\" \/>\n<meta property=\"og:type\" content=\"article\" \/>\n<meta property=\"og:title\" content=\"Buch \u2013 So aktivierst du deinen inneren Heiler -\" \/>\n<meta property=\"og:description\" content=\"So aktivierst du deinen inneren Heiler Hier findest du alle erg\u00e4nzenden Informationen, Videos, Hilfsmittel und Checklisten f\u00fcr die Umsetzung. Entgiftung und Optimierung des Stoffwechsels mit dem PROBALANCE Kurs W\u00e4hle aus 3 M\u00f6glichkeiten den f\u00fcr Dich passenden Kurs Dokumente Beschreibung S\u00e4ure-Basen-Tagesprofil Druckvorlage Arbeitsblatt-pH-Messwerte Die pH-Werte werden automatisch mit den passenden Farben unterlegt. Tabelle Lebensmittel Base-S\u00e4ure Bildner [&hellip;]\" \/>\n<meta property=\"og:url\" content=\"https:\/\/probalanceconcept.com\/lp\/buch\/\" \/>\n<meta property=\"article:modified_time\" content=\"2024-11-12T19:59:40+00:00\" \/>\n<meta property=\"og:image\" content=\"https:\/\/probalanceconcept.com\/lp\/wp-content\/uploads\/sites\/3\/2021\/09\/PBC-Schriftzug-e1699994626454.png\" \/>\n<meta name=\"twitter:card\" content=\"summary_large_image\" \/>\n<meta name=\"twitter:label1\" content=\"Gesch\u00e4tzte Lesezeit\" \/>\n\t<meta name=\"twitter:data1\" content=\"1\u00a0Minute\" \/>\n<script type=\"application\/ld+json\" class=\"yoast-schema-graph\">{\"@context\":\"https:\/\/schema.org\",\"@graph\":[{\"@type\":\"WebPage\",\"@id\":\"https:\/\/probalanceconcept.com\/lp\/buch\/\",\"url\":\"https:\/\/probalanceconcept.com\/lp\/buch\/\",\"name\":\"Buch \u2013 So aktivierst du deinen inneren Heiler -\",\"isPartOf\":{\"@id\":\"https:\/\/probalanceconcept.com\/lp\/#website\"},\"datePublished\":\"2021-06-23T19:28:00+00:00\",\"dateModified\":\"2024-11-12T19:59:40+00:00\",\"breadcrumb\":{\"@id\":\"https:\/\/probalanceconcept.com\/lp\/buch\/#breadcrumb\"},\"inLanguage\":\"de\",\"potentialAction\":[{\"@type\":\"ReadAction\",\"target\":[\"https:\/\/probalanceconcept.com\/lp\/buch\/\"]}]},{\"@type\":\"BreadcrumbList\",\"@id\":\"https:\/\/probalanceconcept.com\/lp\/buch\/#breadcrumb\",\"itemListElement\":[{\"@type\":\"ListItem\",\"position\":1,\"name\":\"Startseite\",\"item\":\"https:\/\/probalanceconcept.com\/lp\/\"},{\"@type\":\"ListItem\",\"position\":2,\"name\":\"Buch \u2013 So aktivierst du deinen inneren Heiler\"}]},{\"@type\":\"WebSite\",\"@id\":\"https:\/\/probalanceconcept.com\/lp\/#website\",\"url\":\"https:\/\/probalanceconcept.com\/lp\/\",\"name\":\"\",\"description\":\"Diplomausbildung Integralsystemische Gesundheit &amp; Lebenskompetenz\",\"potentialAction\":[{\"@type\":\"SearchAction\",\"target\":{\"@type\":\"EntryPoint\",\"urlTemplate\":\"https:\/\/probalanceconcept.com\/lp\/?s={search_term_string}\"},\"query-input\":\"required name=search_term_string\"}],\"inLanguage\":\"de\"}]}<\/script>\n<!-- \/ Yoast SEO plugin. -->","yoast_head_json":{"title":"Buch \u2013 So aktivierst du deinen inneren Heiler -","robots":{"index":"index","follow":"follow","max-snippet":"max-snippet:-1","max-image-preview":"max-image-preview:large","max-video-preview":"max-video-preview:-1"},"canonical":"https:\/\/probalanceconcept.com\/lp\/buch\/","og_locale":"de_DE","og_type":"article","og_title":"Buch \u2013 So aktivierst du deinen inneren Heiler -","og_description":"So aktivierst du deinen inneren Heiler Hier findest du alle erg\u00e4nzenden Informationen, Videos, Hilfsmittel und Checklisten f\u00fcr die Umsetzung. Entgiftung und Optimierung des Stoffwechsels mit dem PROBALANCE Kurs W\u00e4hle aus 3 M\u00f6glichkeiten den f\u00fcr Dich passenden Kurs Dokumente Beschreibung S\u00e4ure-Basen-Tagesprofil Druckvorlage Arbeitsblatt-pH-Messwerte Die pH-Werte werden automatisch mit den passenden Farben unterlegt. Tabelle Lebensmittel Base-S\u00e4ure Bildner [&hellip;]","og_url":"https:\/\/probalanceconcept.com\/lp\/buch\/","article_modified_time":"2024-11-12T19:59:40+00:00","og_image":[{"url":"https:\/\/probalanceconcept.com\/lp\/wp-content\/uploads\/sites\/3\/2021\/09\/PBC-Schriftzug-e1699994626454.png"}],"twitter_card":"summary_large_image","twitter_misc":{"Gesch\u00e4tzte Lesezeit":"1\u00a0Minute"},"schema":{"@context":"https:\/\/schema.org","@graph":[{"@type":"WebPage","@id":"https:\/\/probalanceconcept.com\/lp\/buch\/","url":"https:\/\/probalanceconcept.com\/lp\/buch\/","name":"Buch \u2013 So aktivierst du deinen inneren Heiler -","isPartOf":{"@id":"https:\/\/probalanceconcept.com\/lp\/#website"},"datePublished":"2021-06-23T19:28:00+00:00","dateModified":"2024-11-12T19:59:40+00:00","breadcrumb":{"@id":"https:\/\/probalanceconcept.com\/lp\/buch\/#breadcrumb"},"inLanguage":"de","potentialAction":[{"@type":"ReadAction","target":["https:\/\/probalanceconcept.com\/lp\/buch\/"]}]},{"@type":"BreadcrumbList","@id":"https:\/\/probalanceconcept.com\/lp\/buch\/#breadcrumb","itemListElement":[{"@type":"ListItem","position":1,"name":"Startseite","item":"https:\/\/probalanceconcept.com\/lp\/"},{"@type":"ListItem","position":2,"name":"Buch \u2013 So aktivierst du deinen inneren Heiler"}]},{"@type":"WebSite","@id":"https:\/\/probalanceconcept.com\/lp\/#website","url":"https:\/\/probalanceconcept.com\/lp\/","name":"","description":"Diplomausbildung Integralsystemische Gesundheit &amp; Lebenskompetenz","potentialAction":[{"@type":"SearchAction","target":{"@type":"EntryPoint","urlTemplate":"https:\/\/probalanceconcept.com\/lp\/?s={search_term_string}"},"query-input":"required name=search_term_string"}],"inLanguage":"de"}]}},"_links":{"self":[{"href":"https:\/\/probalanceconcept.com\/lp\/wp-json\/wp\/v2\/pages\/1807"}],"collection":[{"href":"https:\/\/probalanceconcept.com\/lp\/wp-json\/wp\/v2\/pages"}],"about":[{"href":"https:\/\/probalanceconcept.com\/lp\/wp-json\/wp\/v2\/types\/page"}],"author":[{"embeddable":true,"href":"https:\/\/probalanceconcept.com\/lp\/wp-json\/wp\/v2\/users\/8"}],"replies":[{"embeddable":true,"href":"https:\/\/probalanceconcept.com\/lp\/wp-json\/wp\/v2\/comments?post=1807"}],"version-history":[{"count":43,"href":"https:\/\/probalanceconcept.com\/lp\/wp-json\/wp\/v2\/pages\/1807\/revisions"}],"predecessor-version":[{"id":3426,"href":"https:\/\/probalanceconcept.com\/lp\/wp-json\/wp\/v2\/pages\/1807\/revisions\/3426"}],"wp:attachment":[{"href":"https:\/\/probalanceconcept.com\/lp\/wp-json\/wp\/v2\/media?parent=1807"}],"curies":[{"name":"wp","href":"https:\/\/api.w.org\/{rel}","templated":true}]}}